{"id":384,"date":"2025-06-19T20:57:23","date_gmt":"2025-06-19T20:57:23","guid":{"rendered":"https:\/\/doramassuitesboutique.com\/?page_id=384"},"modified":"2026-02-09T17:25:31","modified_gmt":"2026-02-09T23:25:31","slug":"junior-suite-uxmal","status":"publish","type":"page","link":"https:\/\/doramassuitesboutique.com\/index.php\/junior-suite-uxmal\/","title":{"rendered":"Suite Uxmal"},"content":{"rendered":"<div class=\"wp-block-image\">\n<figure data-wp-context=\"{&quot;imageId&quot;:&quot;6a04706fe1cc7&quot;}\" data-wp-interactive=\"core\/image\" class=\"aligncenter size-large wp-lightbox-container\"><img loading=\"lazy\" decoding=\"async\" width=\"1024\" height=\"768\" data-wp-class--hide=\"state.isContentHidden\" data-wp-class--show=\"state.isContentVisible\" data-wp-init=\"callbacks.setButtonStyles\" data-wp-on-async--click=\"actions.showLightbox\" data-wp-on-async--load=\"callbacks.setButtonStyles\" data-wp-on-async-window--resize=\"callbacks.setButtonStyles\" src=\"https:\/\/doramassuitesboutique.com\/wp-content\/uploads\/2025\/08\/WhatsApp-Image-2025-08-28-at-9.56.14-a.m-1024x768.jpeg\" alt=\"\" class=\"wp-image-712\" srcset=\"https:\/\/doramassuitesboutique.com\/wp-content\/uploads\/2025\/08\/WhatsApp-Image-2025-08-28-at-9.56.14-a.m-1024x768.jpeg 1024w, https:\/\/doramassuitesboutique.com\/wp-content\/uploads\/2025\/08\/WhatsApp-Image-2025-08-28-at-9.56.14-a.m-300x225.jpeg 300w, https:\/\/doramassuitesboutique.com\/wp-content\/uploads\/2025\/08\/WhatsApp-Image-2025-08-28-at-9.56.14-a.m-768x576.jpeg 768w, https:\/\/doramassuitesboutique.com\/wp-content\/uploads\/2025\/08\/WhatsApp-Image-2025-08-28-at-9.56.14-a.m-1536x1152.jpeg 1536w, https:\/\/doramassuitesboutique.com\/wp-content\/uploads\/2025\/08\/WhatsApp-Image-2025-08-28-at-9.56.14-a.m-1320x990.jpeg 1320w, https:\/\/doramassuitesboutique.com\/wp-content\/uploads\/2025\/08\/WhatsApp-Image-2025-08-28-at-9.56.14-a.m-600x450.jpeg 600w, https:\/\/doramassuitesboutique.com\/wp-content\/uploads\/2025\/08\/WhatsApp-Image-2025-08-28-at-9.56.14-a.m.jpeg 1600w\" sizes=\"auto, (max-width: 1024px) 100vw, 1024px\" \/><button\n\t\t\tclass=\"lightbox-trigger\"\n\t\t\ttype=\"button\"\n\t\t\taria-haspopup=\"dialog\"\n\t\t\taria-label=\"Agrandar\"\n\t\t\tdata-wp-init=\"callbacks.initTriggerButton\"\n\t\t\tdata-wp-on-async--click=\"actions.showLightbox\"\n\t\t\tdata-wp-style--right=\"state.imageButtonRight\"\n\t\t\tdata-wp-style--top=\"state.imageButtonTop\"\n\t\t>\n\t\t\t<svg xmlns=\"http:\/\/www.w3.org\/2000\/svg\" width=\"12\" height=\"12\" fill=\"none\" viewBox=\"0 0 12 12\">\n\t\t\t\t<path fill=\"#fff\" d=\"M2 0a2 2 0 0 0-2 2v2h1.5V2a.5.5 0 0 1 .5-.5h2V0H2Zm2 10.5H2a.5.5 0 0 1-.5-.5V8H0v2a2 2 0 0 0 2 2h2v-1.5ZM8 12v-1.5h2a.5.5 0 0 0 .5-.5V8H12v2a2 2 0 0 1-2 2H8Zm2-12a2 2 0 0 1 2 2v2h-1.5V2a.5.5 0 0 0-.5-.5H8V0h2Z\" \/>\n\t\t\t<\/svg>\n\t\t<\/button><\/figure><\/div>\n\n\n<hr class=\"wp-block-separator has-alpha-channel-opacity\"\/>\n\n\n\n<figure class=\"wp-block-gallery aligncenter has-nested-images columns-default is-cropped wp-block-gallery-1 is-layout-flex wp-block-gallery-is-layout-flex\">\n<figure class=\"wp-block-image size-large\"><a href=\"https:\/\/doramassuitesboutique.com\/wp-content\/uploads\/2025\/09\/WhatsApp-Image-2025-09-04-at-5.15.16-p.m.jpeg\"><img loading=\"lazy\" decoding=\"async\" width=\"1024\" height=\"768\" data-id=\"762\" src=\"https:\/\/doramassuitesboutique.com\/wp-content\/uploads\/2025\/09\/WhatsApp-Image-2025-09-04-at-5.15.16-p.m-1024x768.jpeg\" alt=\"\" class=\"wp-image-762\" srcset=\"https:\/\/doramassuitesboutique.com\/wp-content\/uploads\/2025\/09\/WhatsApp-Image-2025-09-04-at-5.15.16-p.m-1024x768.jpeg 1024w, https:\/\/doramassuitesboutique.com\/wp-content\/uploads\/2025\/09\/WhatsApp-Image-2025-09-04-at-5.15.16-p.m-300x225.jpeg 300w, https:\/\/doramassuitesboutique.com\/wp-content\/uploads\/2025\/09\/WhatsApp-Image-2025-09-04-at-5.15.16-p.m-768x576.jpeg 768w, https:\/\/doramassuitesboutique.com\/wp-content\/uploads\/2025\/09\/WhatsApp-Image-2025-09-04-at-5.15.16-p.m-1536x1152.jpeg 1536w, https:\/\/doramassuitesboutique.com\/wp-content\/uploads\/2025\/09\/WhatsApp-Image-2025-09-04-at-5.15.16-p.m-1320x990.jpeg 1320w, https:\/\/doramassuitesboutique.com\/wp-content\/uploads\/2025\/09\/WhatsApp-Image-2025-09-04-at-5.15.16-p.m-600x450.jpeg 600w, https:\/\/doramassuitesboutique.com\/wp-content\/uploads\/2025\/09\/WhatsApp-Image-2025-09-04-at-5.15.16-p.m.jpeg 1600w\" sizes=\"auto, (max-width: 1024px) 100vw, 1024px\" \/><\/a><\/figure>\n\n\n\n<figure class=\"wp-block-image size-large\"><a href=\"https:\/\/doramassuitesboutique.com\/wp-content\/uploads\/2025\/09\/WhatsApp-Image-2025-09-04-at-5.15.15-p.m.jpeg\"><img loading=\"lazy\" decoding=\"async\" width=\"1024\" height=\"768\" data-id=\"760\" src=\"https:\/\/doramassuitesboutique.com\/wp-content\/uploads\/2025\/09\/WhatsApp-Image-2025-09-04-at-5.15.15-p.m-1024x768.jpeg\" alt=\"\" class=\"wp-image-760\" srcset=\"https:\/\/doramassuitesboutique.com\/wp-content\/uploads\/2025\/09\/WhatsApp-Image-2025-09-04-at-5.15.15-p.m-1024x768.jpeg 1024w, https:\/\/doramassuitesboutique.com\/wp-content\/uploads\/2025\/09\/WhatsApp-Image-2025-09-04-at-5.15.15-p.m-300x225.jpeg 300w, https:\/\/doramassuitesboutique.com\/wp-content\/uploads\/2025\/09\/WhatsApp-Image-2025-09-04-at-5.15.15-p.m-768x576.jpeg 768w, https:\/\/doramassuitesboutique.com\/wp-content\/uploads\/2025\/09\/WhatsApp-Image-2025-09-04-at-5.15.15-p.m-1536x1152.jpeg 1536w, https:\/\/doramassuitesboutique.com\/wp-content\/uploads\/2025\/09\/WhatsApp-Image-2025-09-04-at-5.15.15-p.m-1320x990.jpeg 1320w, https:\/\/doramassuitesboutique.com\/wp-content\/uploads\/2025\/09\/WhatsApp-Image-2025-09-04-at-5.15.15-p.m-600x450.jpeg 600w, https:\/\/doramassuitesboutique.com\/wp-content\/uploads\/2025\/09\/WhatsApp-Image-2025-09-04-at-5.15.15-p.m.jpeg 1600w\" sizes=\"auto, (max-width: 1024px) 100vw, 1024px\" \/><\/a><\/figure>\n\n\n\n<figure class=\"wp-block-image size-large\"><a href=\"https:\/\/doramassuitesboutique.com\/wp-content\/uploads\/2025\/09\/WhatsApp-Image-2025-09-04-at-4.05.52-p.m.-1.jpeg\"><img loading=\"lazy\" decoding=\"async\" width=\"1024\" height=\"768\" data-id=\"757\" src=\"https:\/\/doramassuitesboutique.com\/wp-content\/uploads\/2025\/09\/WhatsApp-Image-2025-09-04-at-4.05.52-p.m.-1-1024x768.jpeg\" alt=\"\" class=\"wp-image-757\" srcset=\"https:\/\/doramassuitesboutique.com\/wp-content\/uploads\/2025\/09\/WhatsApp-Image-2025-09-04-at-4.05.52-p.m.-1-1024x768.jpeg 1024w, https:\/\/doramassuitesboutique.com\/wp-content\/uploads\/2025\/09\/WhatsApp-Image-2025-09-04-at-4.05.52-p.m.-1-300x225.jpeg 300w, https:\/\/doramassuitesboutique.com\/wp-content\/uploads\/2025\/09\/WhatsApp-Image-2025-09-04-at-4.05.52-p.m.-1-768x576.jpeg 768w, https:\/\/doramassuitesboutique.com\/wp-content\/uploads\/2025\/09\/WhatsApp-Image-2025-09-04-at-4.05.52-p.m.-1-1536x1152.jpeg 1536w, https:\/\/doramassuitesboutique.com\/wp-content\/uploads\/2025\/09\/WhatsApp-Image-2025-09-04-at-4.05.52-p.m.-1-1320x990.jpeg 1320w, https:\/\/doramassuitesboutique.com\/wp-content\/uploads\/2025\/09\/WhatsApp-Image-2025-09-04-at-4.05.52-p.m.-1-600x450.jpeg 600w, https:\/\/doramassuitesboutique.com\/wp-content\/uploads\/2025\/09\/WhatsApp-Image-2025-09-04-at-4.05.52-p.m.-1.jpeg 1600w\" sizes=\"auto, (max-width: 1024px) 100vw, 1024px\" \/><\/a><\/figure>\n\n\n\n<figure class=\"wp-block-image size-large\"><a href=\"https:\/\/doramassuitesboutique.com\/wp-content\/uploads\/2025\/06\/WhatsApp-Image-2025-05-20-at-16.41.56_c7a11fb3.jpg\"><img loading=\"lazy\" decoding=\"async\" width=\"1024\" height=\"768\" data-id=\"399\" src=\"https:\/\/doramassuitesboutique.com\/wp-content\/uploads\/2025\/06\/WhatsApp-Image-2025-05-20-at-16.41.56_c7a11fb3-1024x768.jpg\" alt=\"\" class=\"wp-image-399\" srcset=\"https:\/\/doramassuitesboutique.com\/wp-content\/uploads\/2025\/06\/WhatsApp-Image-2025-05-20-at-16.41.56_c7a11fb3-1024x768.jpg 1024w, https:\/\/doramassuitesboutique.com\/wp-content\/uploads\/2025\/06\/WhatsApp-Image-2025-05-20-at-16.41.56_c7a11fb3-300x225.jpg 300w, https:\/\/doramassuitesboutique.com\/wp-content\/uploads\/2025\/06\/WhatsApp-Image-2025-05-20-at-16.41.56_c7a11fb3-768x576.jpg 768w, https:\/\/doramassuitesboutique.com\/wp-content\/uploads\/2025\/06\/WhatsApp-Image-2025-05-20-at-16.41.56_c7a11fb3-1536x1152.jpg 1536w, https:\/\/doramassuitesboutique.com\/wp-content\/uploads\/2025\/06\/WhatsApp-Image-2025-05-20-at-16.41.56_c7a11fb3-1320x990.jpg 1320w, https:\/\/doramassuitesboutique.com\/wp-content\/uploads\/2025\/06\/WhatsApp-Image-2025-05-20-at-16.41.56_c7a11fb3-600x450.jpg 600w, https:\/\/doramassuitesboutique.com\/wp-content\/uploads\/2025\/06\/WhatsApp-Image-2025-05-20-at-16.41.56_c7a11fb3.jpg 1600w\" sizes=\"auto, (max-width: 1024px) 100vw, 1024px\" \/><\/a><\/figure>\n\n\n\n<figure class=\"wp-block-image size-large\"><a href=\"https:\/\/doramassuitesboutique.com\/wp-content\/uploads\/2025\/09\/WhatsApp-Image-2025-09-04-at-4.05.52-p.m.-2.jpeg\"><img loading=\"lazy\" decoding=\"async\" width=\"768\" height=\"1024\" data-id=\"759\" src=\"https:\/\/doramassuitesboutique.com\/wp-content\/uploads\/2025\/09\/WhatsApp-Image-2025-09-04-at-4.05.52-p.m.-2-768x1024.jpeg\" alt=\"\" class=\"wp-image-759\" srcset=\"https:\/\/doramassuitesboutique.com\/wp-content\/uploads\/2025\/09\/WhatsApp-Image-2025-09-04-at-4.05.52-p.m.-2-768x1024.jpeg 768w, https:\/\/doramassuitesboutique.com\/wp-content\/uploads\/2025\/09\/WhatsApp-Image-2025-09-04-at-4.05.52-p.m.-2-225x300.jpeg 225w, https:\/\/doramassuitesboutique.com\/wp-content\/uploads\/2025\/09\/WhatsApp-Image-2025-09-04-at-4.05.52-p.m.-2-1152x1536.jpeg 1152w, https:\/\/doramassuitesboutique.com\/wp-content\/uploads\/2025\/09\/WhatsApp-Image-2025-09-04-at-4.05.52-p.m.-2-600x800.jpeg 600w, https:\/\/doramassuitesboutique.com\/wp-content\/uploads\/2025\/09\/WhatsApp-Image-2025-09-04-at-4.05.52-p.m.-2.jpeg 1200w\" sizes=\"auto, (max-width: 768px) 100vw, 768px\" \/><\/a><\/figure>\n\n\n\n<figure class=\"wp-block-image size-large\"><a href=\"https:\/\/doramassuitesboutique.com\/wp-content\/uploads\/2025\/08\/WhatsApp-Image-2025-08-20-at-12.44.55-p.m-1.jpeg\"><img loading=\"lazy\" decoding=\"async\" width=\"1024\" height=\"690\" data-id=\"637\" src=\"https:\/\/doramassuitesboutique.com\/wp-content\/uploads\/2025\/08\/WhatsApp-Image-2025-08-20-at-12.44.55-p.m-1-1024x690.jpeg\" alt=\"\" class=\"wp-image-637\" srcset=\"https:\/\/doramassuitesboutique.com\/wp-content\/uploads\/2025\/08\/WhatsApp-Image-2025-08-20-at-12.44.55-p.m-1-1024x690.jpeg 1024w, https:\/\/doramassuitesboutique.com\/wp-content\/uploads\/2025\/08\/WhatsApp-Image-2025-08-20-at-12.44.55-p.m-1-300x202.jpeg 300w, https:\/\/doramassuitesboutique.com\/wp-content\/uploads\/2025\/08\/WhatsApp-Image-2025-08-20-at-12.44.55-p.m-1-768x517.jpeg 768w, https:\/\/doramassuitesboutique.com\/wp-content\/uploads\/2025\/08\/WhatsApp-Image-2025-08-20-at-12.44.55-p.m-1-1536x1035.jpeg 1536w, https:\/\/doramassuitesboutique.com\/wp-content\/uploads\/2025\/08\/WhatsApp-Image-2025-08-20-at-12.44.55-p.m-1-1320x889.jpeg 1320w, https:\/\/doramassuitesboutique.com\/wp-content\/uploads\/2025\/08\/WhatsApp-Image-2025-08-20-at-12.44.55-p.m-1-600x404.jpeg 600w, https:\/\/doramassuitesboutique.com\/wp-content\/uploads\/2025\/08\/WhatsApp-Image-2025-08-20-at-12.44.55-p.m-1.jpeg 1600w\" sizes=\"auto, (max-width: 1024px) 100vw, 1024px\" \/><\/a><\/figure>\n<\/figure>\n\n\n\n<hr class=\"wp-block-separator has-alpha-channel-opacity\"\/>\n\n\n\n<div style=\"height:15px\" aria-hidden=\"true\" class=\"wp-block-spacer\"><\/div>\n\n\n\n<h2 class=\"wp-block-heading has-text-align-center\">Habitaci\u00f3n Jr Suite Uxmal<\/h2>\n\n\n\n<div style=\"height:15px\" aria-hidden=\"true\" class=\"wp-block-spacer\"><\/div>\n\n\n\n<p><strong>HABITACION 1 &#8211; UNA CAMA KING SIZE<\/strong><\/p>\n\n\n\n<p><strong>SALA COMEDOR &#8211; SOFA CAMA<\/strong><\/p>\n\n\n\n<p><strong>2 ADULTOS, 2 NI\u00d1OS O 3 ADULTOS<\/strong><\/p>\n\n\n\n<figure class=\"wp-block-image size-full\"><img loading=\"lazy\" decoding=\"async\" width=\"131\" height=\"80\" src=\"https:\/\/doramassuitesboutique.com\/wp-content\/uploads\/2025\/06\/junior.png\" alt=\"\" class=\"wp-image-474\"\/><\/figure>\n\n\n\n<div style=\"height:28px\" aria-hidden=\"true\" class=\"wp-block-spacer\"><\/div>\n\n\n\n<div class=\"wp-block-buttons is-content-justification-center is-layout-flex wp-container-core-buttons-is-layout-16018d1d wp-block-buttons-is-layout-flex\">\n<div class=\"wp-block-button\"><a class=\"wp-block-button__link wp-element-button\">Reserve Ahora<\/a><\/div>\n<\/div>\n\n\n\n<div style=\"height:28px\" aria-hidden=\"true\" class=\"wp-block-spacer\"><\/div>\n\n\n\n<hr class=\"wp-block-separator has-alpha-channel-opacity\"\/>\n\n\n\n<h3 class=\"wp-block-heading\">Amenidades:<\/h3>\n\n\n\n<p><strong>Habitaci\u00f3 Principal<\/strong>&nbsp;<\/p>\n\n\n\n<ul class=\"wp-block-list\">\n<li>Cama king&nbsp;size<\/li>\n\n\n\n<li>Smart Tv 50&#8243;  \u2013 sky&nbsp;&nbsp;<\/li>\n\n\n\n<li>Mesas de noche<\/li>\n\n\n\n<li>Aire acondicionado&nbsp;&nbsp;<\/li>\n\n\n\n<li>Cajonera<\/li>\n\n\n\n<li>Closet<\/li>\n\n\n\n<li>Maletero&nbsp;<\/li>\n\n\n\n<li>Perchero<\/li>\n\n\n\n<li>Cesto de basura <\/li>\n\n\n\n<li>Detector de humo y di\u00f3xido de carbono<\/li>\n\n\n\n<li>Caja fuerte<\/li>\n\n\n\n<li>WI\/FI<\/li>\n\n\n\n<li>Mesa de Trabajo<\/li>\n\n\n\n<li>Terraza privada con jardineria y mesa de descanso&nbsp;<\/li>\n\n\n\n<li>Cuna (Sujeta a disponibilidad)<\/li>\n<\/ul>\n\n\n\n<p><strong>Ba\u00f1o<\/strong><\/p>\n\n\n\n<ul class=\"wp-block-list\">\n<li>Agua fria y Caliente<\/li>\n\n\n\n<li>Presi\u00f3n de regadera de confort&nbsp;<\/li>\n\n\n\n<li>Articulos de tocador artesanales<\/li>\n\n\n\n<li>Espejo de vanidad<\/li>\n\n\n\n<li>Secadora de cabello<\/li>\n\n\n\n<li>Cesto para lavanderia<\/li>\n\n\n\n<li>Cesto de basura&nbsp;&nbsp;<\/li>\n<\/ul>\n\n\n\n<p><strong>Sala &#8211; Comedor<\/strong><\/p>\n\n\n\n<ul class=\"wp-block-list\">\n<li>Meceta para 3 personas&nbsp;<\/li>\n\n\n\n<li>Sofa para 3 personas (cama)<\/li>\n\n\n\n<li>Mesa de centro<\/li>\n\n\n\n<li>Detector de humo y di\u00f3xido de carbono<\/li>\n\n\n\n<li>WI\/FI<\/li>\n\n\n\n<li>Decoraci\u00f3n<\/li>\n<\/ul>\n\n\n\n<p><strong>Cocina<\/strong><\/p>\n\n\n\n<ul class=\"wp-block-list\">\n<li>Refrigerador&nbsp;&nbsp;<\/li>\n\n\n\n<li>Cafetera&nbsp;<\/li>\n\n\n\n<li>Microondas&nbsp;<\/li>\n\n\n\n<li>Estufa&nbsp;<\/li>\n\n\n\n<li>Vajilla para 6&nbsp;personas<\/li>\n\n\n\n<li>Utencilios de cocina<\/li>\n\n\n\n<li>Detector de humo y di\u00f3xido de carbono<\/li>\n<\/ul>\n\n\n\n<p><strong>Terraza Privada<\/strong><\/p>\n\n\n\n<ul class=\"wp-block-list\">\n<li>Sala con vista a la alberca&nbsp;<\/li>\n<\/ul>\n\n\n\n<p><strong>Cuarto de Servicio<\/strong><\/p>\n\n\n\n<ul class=\"wp-block-list\">\n<li>Lavadero<\/li>\n\n\n\n<li>Tabla de planchado<\/li>\n\n\n\n<li>Plancha de vapor<\/li>\n\n\n\n<li>Tendedero retractil<\/li>\n\n\n\n<li>Agua purificada refil<\/li>\n<\/ul>\n","protected":false},"excerpt":{"rendered":"<p>Habitaci\u00f3n Jr Suite Uxmal HABITACION 1 &#8211; UNA CAMA KING SIZE SALA COMEDOR &#8211; SOFA CAMA 2 ADULTOS, 2 NI\u00d1OS O 3 ADULTOS Amenidades: Habitaci\u00f3 Principal&nbsp; Ba\u00f1o Sala &#8211; Comedor Cocina Terraza Privada Cuarto de Servicio<\/p>\n","protected":false},"author":1,"featured_media":0,"parent":0,"menu_order":0,"comment_status":"closed","ping_status":"closed","template":"","meta":{"pgc_sgb_lightbox_settings":"","footnotes":""},"class_list":["post-384","page","type-page","status-publish","hentry"],"jetpack_sharing_enabled":true,"_links":{"self":[{"href":"https:\/\/doramassuitesboutique.com\/index.php\/wp-json\/wp\/v2\/pages\/384","targetHints":{"allow":["GET"]}}],"collection":[{"href":"https:\/\/doramassuitesboutique.com\/index.php\/wp-json\/wp\/v2\/pages"}],"about":[{"href":"https:\/\/doramassuitesboutique.com\/index.php\/wp-json\/wp\/v2\/types\/page"}],"author":[{"embeddable":true,"href":"https:\/\/doramassuitesboutique.com\/index.php\/wp-json\/wp\/v2\/users\/1"}],"replies":[{"embeddable":true,"href":"https:\/\/doramassuitesboutique.com\/index.php\/wp-json\/wp\/v2\/comments?post=384"}],"version-history":[{"count":32,"href":"https:\/\/doramassuitesboutique.com\/index.php\/wp-json\/wp\/v2\/pages\/384\/revisions"}],"predecessor-version":[{"id":885,"href":"https:\/\/doramassuitesboutique.com\/index.php\/wp-json\/wp\/v2\/pages\/384\/revisions\/885"}],"wp:attachment":[{"href":"https:\/\/doramassuitesboutique.com\/index.php\/wp-json\/wp\/v2\/media?parent=384"}],"curies":[{"name":"wp","href":"https:\/\/api.w.org\/{rel}","templated":true}]}}