{"id":525,"date":"2025-07-22T14:27:27","date_gmt":"2025-07-22T20:27:27","guid":{"rendered":"https:\/\/doramassuitesboutique.com\/?page_id=525"},"modified":"2026-02-09T17:23:26","modified_gmt":"2026-02-09T23:23:26","slug":"master-suite-ek-balam","status":"publish","type":"page","link":"https:\/\/doramassuitesboutique.com\/index.php\/master-suite-ek-balam\/","title":{"rendered":"Master Suite Ek Balam"},"content":{"rendered":"<div class=\"wp-block-image\">\n<figure data-wp-context=\"{&quot;imageId&quot;:&quot;6a0470d58e5d1&quot;}\" data-wp-interactive=\"core\/image\" class=\"aligncenter size-large wp-lightbox-container\"><img loading=\"lazy\" decoding=\"async\" width=\"1024\" height=\"768\" data-wp-class--hide=\"state.isContentHidden\" data-wp-class--show=\"state.isContentVisible\" data-wp-init=\"callbacks.setButtonStyles\" data-wp-on-async--click=\"actions.showLightbox\" data-wp-on-async--load=\"callbacks.setButtonStyles\" data-wp-on-async-window--resize=\"callbacks.setButtonStyles\" src=\"https:\/\/doramassuitesboutique.com\/wp-content\/uploads\/2023\/10\/WhatsApp-Image-2025-09-04-at-4.05.53-p.m-1024x768.jpeg\" alt=\"\" class=\"wp-image-749\" srcset=\"https:\/\/doramassuitesboutique.com\/wp-content\/uploads\/2023\/10\/WhatsApp-Image-2025-09-04-at-4.05.53-p.m-1024x768.jpeg 1024w, https:\/\/doramassuitesboutique.com\/wp-content\/uploads\/2023\/10\/WhatsApp-Image-2025-09-04-at-4.05.53-p.m-300x225.jpeg 300w, https:\/\/doramassuitesboutique.com\/wp-content\/uploads\/2023\/10\/WhatsApp-Image-2025-09-04-at-4.05.53-p.m-768x576.jpeg 768w, https:\/\/doramassuitesboutique.com\/wp-content\/uploads\/2023\/10\/WhatsApp-Image-2025-09-04-at-4.05.53-p.m-1536x1152.jpeg 1536w, https:\/\/doramassuitesboutique.com\/wp-content\/uploads\/2023\/10\/WhatsApp-Image-2025-09-04-at-4.05.53-p.m-1320x990.jpeg 1320w, https:\/\/doramassuitesboutique.com\/wp-content\/uploads\/2023\/10\/WhatsApp-Image-2025-09-04-at-4.05.53-p.m-600x450.jpeg 600w, https:\/\/doramassuitesboutique.com\/wp-content\/uploads\/2023\/10\/WhatsApp-Image-2025-09-04-at-4.05.53-p.m.jpeg 1600w\" sizes=\"auto, (max-width: 1024px) 100vw, 1024px\" \/><button\n\t\t\tclass=\"lightbox-trigger\"\n\t\t\ttype=\"button\"\n\t\t\taria-haspopup=\"dialog\"\n\t\t\taria-label=\"Agrandar\"\n\t\t\tdata-wp-init=\"callbacks.initTriggerButton\"\n\t\t\tdata-wp-on-async--click=\"actions.showLightbox\"\n\t\t\tdata-wp-style--right=\"state.imageButtonRight\"\n\t\t\tdata-wp-style--top=\"state.imageButtonTop\"\n\t\t>\n\t\t\t<svg xmlns=\"http:\/\/www.w3.org\/2000\/svg\" width=\"12\" height=\"12\" fill=\"none\" viewBox=\"0 0 12 12\">\n\t\t\t\t<path fill=\"#fff\" d=\"M2 0a2 2 0 0 0-2 2v2h1.5V2a.5.5 0 0 1 .5-.5h2V0H2Zm2 10.5H2a.5.5 0 0 1-.5-.5V8H0v2a2 2 0 0 0 2 2h2v-1.5ZM8 12v-1.5h2a.5.5 0 0 0 .5-.5V8H12v2a2 2 0 0 1-2 2H8Zm2-12a2 2 0 0 1 2 2v2h-1.5V2a.5.5 0 0 0-.5-.5H8V0h2Z\" \/>\n\t\t\t<\/svg>\n\t\t<\/button><\/figure><\/div>\n\n\n<div style=\"height:28px\" aria-hidden=\"true\" class=\"wp-block-spacer\"><\/div>\n\n\n\n<figure class=\"wp-block-gallery has-nested-images columns-3 is-cropped wp-block-gallery-1 is-layout-flex wp-block-gallery-is-layout-flex\">\n<figure class=\"wp-block-image size-large\"><a href=\"https:\/\/doramassuitesboutique.com\/wp-content\/uploads\/2023\/10\/WhatsApp-Image-2025-09-04-at-4.05.53-p.m.jpeg\"><img loading=\"lazy\" decoding=\"async\" width=\"1024\" height=\"768\" data-id=\"749\" src=\"https:\/\/doramassuitesboutique.com\/wp-content\/uploads\/2023\/10\/WhatsApp-Image-2025-09-04-at-4.05.53-p.m-1024x768.jpeg\" alt=\"\" class=\"wp-image-749\" srcset=\"https:\/\/doramassuitesboutique.com\/wp-content\/uploads\/2023\/10\/WhatsApp-Image-2025-09-04-at-4.05.53-p.m-1024x768.jpeg 1024w, https:\/\/doramassuitesboutique.com\/wp-content\/uploads\/2023\/10\/WhatsApp-Image-2025-09-04-at-4.05.53-p.m-300x225.jpeg 300w, https:\/\/doramassuitesboutique.com\/wp-content\/uploads\/2023\/10\/WhatsApp-Image-2025-09-04-at-4.05.53-p.m-768x576.jpeg 768w, https:\/\/doramassuitesboutique.com\/wp-content\/uploads\/2023\/10\/WhatsApp-Image-2025-09-04-at-4.05.53-p.m-1536x1152.jpeg 1536w, https:\/\/doramassuitesboutique.com\/wp-content\/uploads\/2023\/10\/WhatsApp-Image-2025-09-04-at-4.05.53-p.m-1320x990.jpeg 1320w, https:\/\/doramassuitesboutique.com\/wp-content\/uploads\/2023\/10\/WhatsApp-Image-2025-09-04-at-4.05.53-p.m-600x450.jpeg 600w, https:\/\/doramassuitesboutique.com\/wp-content\/uploads\/2023\/10\/WhatsApp-Image-2025-09-04-at-4.05.53-p.m.jpeg 1600w\" sizes=\"auto, (max-width: 1024px) 100vw, 1024px\" \/><\/a><\/figure>\n\n\n\n<figure class=\"wp-block-image size-large\"><a href=\"https:\/\/doramassuitesboutique.com\/wp-content\/uploads\/2025\/08\/Imagen-de-WhatsApp-2025-08-05-a-las-17.05.13_c3282e40.jpg\"><img loading=\"lazy\" decoding=\"async\" width=\"1024\" height=\"768\" data-id=\"594\" src=\"https:\/\/doramassuitesboutique.com\/wp-content\/uploads\/2025\/08\/Imagen-de-WhatsApp-2025-08-05-a-las-17.05.13_c3282e40-1024x768.jpg\" alt=\"Recamara de la suite Ek Balam del Hotel Doramas de Valladolid Yucat\u00e1n\" class=\"wp-image-594\" srcset=\"https:\/\/doramassuitesboutique.com\/wp-content\/uploads\/2025\/08\/Imagen-de-WhatsApp-2025-08-05-a-las-17.05.13_c3282e40-1024x768.jpg 1024w, https:\/\/doramassuitesboutique.com\/wp-content\/uploads\/2025\/08\/Imagen-de-WhatsApp-2025-08-05-a-las-17.05.13_c3282e40-300x225.jpg 300w, https:\/\/doramassuitesboutique.com\/wp-content\/uploads\/2025\/08\/Imagen-de-WhatsApp-2025-08-05-a-las-17.05.13_c3282e40-768x576.jpg 768w, https:\/\/doramassuitesboutique.com\/wp-content\/uploads\/2025\/08\/Imagen-de-WhatsApp-2025-08-05-a-las-17.05.13_c3282e40-600x450.jpg 600w, https:\/\/doramassuitesboutique.com\/wp-content\/uploads\/2025\/08\/Imagen-de-WhatsApp-2025-08-05-a-las-17.05.13_c3282e40.jpg 1280w\" sizes=\"auto, (max-width: 1024px) 100vw, 1024px\" \/><\/a><\/figure>\n\n\n\n<figure class=\"wp-block-image size-large\"><a href=\"https:\/\/doramassuitesboutique.com\/wp-content\/uploads\/2025\/08\/Imagen-de-WhatsApp-2025-08-05-a-las-17.05.13_546921ad.jpg\"><img loading=\"lazy\" decoding=\"async\" width=\"1024\" height=\"768\" data-id=\"595\" src=\"https:\/\/doramassuitesboutique.com\/wp-content\/uploads\/2025\/08\/Imagen-de-WhatsApp-2025-08-05-a-las-17.05.13_546921ad-1024x768.jpg\" alt=\"Cocina de la suite Ek Balam del Hotel Doramas de Valladolid Yucat\u00e1n\" class=\"wp-image-595\" srcset=\"https:\/\/doramassuitesboutique.com\/wp-content\/uploads\/2025\/08\/Imagen-de-WhatsApp-2025-08-05-a-las-17.05.13_546921ad-1024x768.jpg 1024w, https:\/\/doramassuitesboutique.com\/wp-content\/uploads\/2025\/08\/Imagen-de-WhatsApp-2025-08-05-a-las-17.05.13_546921ad-300x225.jpg 300w, https:\/\/doramassuitesboutique.com\/wp-content\/uploads\/2025\/08\/Imagen-de-WhatsApp-2025-08-05-a-las-17.05.13_546921ad-768x576.jpg 768w, https:\/\/doramassuitesboutique.com\/wp-content\/uploads\/2025\/08\/Imagen-de-WhatsApp-2025-08-05-a-las-17.05.13_546921ad-600x450.jpg 600w, https:\/\/doramassuitesboutique.com\/wp-content\/uploads\/2025\/08\/Imagen-de-WhatsApp-2025-08-05-a-las-17.05.13_546921ad.jpg 1280w\" sizes=\"auto, (max-width: 1024px) 100vw, 1024px\" \/><\/a><\/figure>\n\n\n\n<figure class=\"wp-block-image size-large\"><a href=\"https:\/\/doramassuitesboutique.com\/wp-content\/uploads\/2025\/09\/WhatsApp-Image-2025-09-04-at-4.34.26-p.m.jpeg\"><img loading=\"lazy\" decoding=\"async\" width=\"1024\" height=\"768\" data-id=\"753\" src=\"https:\/\/doramassuitesboutique.com\/wp-content\/uploads\/2025\/09\/WhatsApp-Image-2025-09-04-at-4.34.26-p.m-1024x768.jpeg\" alt=\"\" class=\"wp-image-753\" srcset=\"https:\/\/doramassuitesboutique.com\/wp-content\/uploads\/2025\/09\/WhatsApp-Image-2025-09-04-at-4.34.26-p.m-1024x768.jpeg 1024w, https:\/\/doramassuitesboutique.com\/wp-content\/uploads\/2025\/09\/WhatsApp-Image-2025-09-04-at-4.34.26-p.m-300x225.jpeg 300w, https:\/\/doramassuitesboutique.com\/wp-content\/uploads\/2025\/09\/WhatsApp-Image-2025-09-04-at-4.34.26-p.m-768x576.jpeg 768w, https:\/\/doramassuitesboutique.com\/wp-content\/uploads\/2025\/09\/WhatsApp-Image-2025-09-04-at-4.34.26-p.m-1536x1152.jpeg 1536w, https:\/\/doramassuitesboutique.com\/wp-content\/uploads\/2025\/09\/WhatsApp-Image-2025-09-04-at-4.34.26-p.m-1320x990.jpeg 1320w, https:\/\/doramassuitesboutique.com\/wp-content\/uploads\/2025\/09\/WhatsApp-Image-2025-09-04-at-4.34.26-p.m-600x450.jpeg 600w, https:\/\/doramassuitesboutique.com\/wp-content\/uploads\/2025\/09\/WhatsApp-Image-2025-09-04-at-4.34.26-p.m.jpeg 1600w\" sizes=\"auto, (max-width: 1024px) 100vw, 1024px\" \/><\/a><\/figure>\n\n\n\n<figure class=\"wp-block-image size-large\"><a href=\"https:\/\/doramassuitesboutique.com\/wp-content\/uploads\/2025\/08\/Imagen-de-WhatsApp-2025-08-05-a-las-17.05.16_f80b25b2.jpg\"><img loading=\"lazy\" decoding=\"async\" width=\"1024\" height=\"768\" data-id=\"596\" src=\"https:\/\/doramassuitesboutique.com\/wp-content\/uploads\/2025\/08\/Imagen-de-WhatsApp-2025-08-05-a-las-17.05.16_f80b25b2-1024x768.jpg\" alt=\"Baalc\u00f3n de la suite Ek Balam del Hotel Doramas de Valladolid Yucat\u00e1n\" class=\"wp-image-596\" srcset=\"https:\/\/doramassuitesboutique.com\/wp-content\/uploads\/2025\/08\/Imagen-de-WhatsApp-2025-08-05-a-las-17.05.16_f80b25b2-1024x768.jpg 1024w, https:\/\/doramassuitesboutique.com\/wp-content\/uploads\/2025\/08\/Imagen-de-WhatsApp-2025-08-05-a-las-17.05.16_f80b25b2-300x225.jpg 300w, https:\/\/doramassuitesboutique.com\/wp-content\/uploads\/2025\/08\/Imagen-de-WhatsApp-2025-08-05-a-las-17.05.16_f80b25b2-768x576.jpg 768w, https:\/\/doramassuitesboutique.com\/wp-content\/uploads\/2025\/08\/Imagen-de-WhatsApp-2025-08-05-a-las-17.05.16_f80b25b2-1536x1152.jpg 1536w, https:\/\/doramassuitesboutique.com\/wp-content\/uploads\/2025\/08\/Imagen-de-WhatsApp-2025-08-05-a-las-17.05.16_f80b25b2-1320x990.jpg 1320w, https:\/\/doramassuitesboutique.com\/wp-content\/uploads\/2025\/08\/Imagen-de-WhatsApp-2025-08-05-a-las-17.05.16_f80b25b2-600x450.jpg 600w, https:\/\/doramassuitesboutique.com\/wp-content\/uploads\/2025\/08\/Imagen-de-WhatsApp-2025-08-05-a-las-17.05.16_f80b25b2.jpg 1600w\" sizes=\"auto, (max-width: 1024px) 100vw, 1024px\" \/><\/a><\/figure>\n\n\n\n<figure class=\"wp-block-image size-large\"><a href=\"https:\/\/doramassuitesboutique.com\/wp-content\/uploads\/2025\/08\/Imagen-de-WhatsApp-2025-08-05-a-las-17.05.16_fa2b60cc.jpg\"><img loading=\"lazy\" decoding=\"async\" width=\"1024\" height=\"768\" data-id=\"589\" src=\"https:\/\/doramassuitesboutique.com\/wp-content\/uploads\/2025\/08\/Imagen-de-WhatsApp-2025-08-05-a-las-17.05.16_fa2b60cc-1024x768.jpg\" alt=\"\" class=\"wp-image-589\" srcset=\"https:\/\/doramassuitesboutique.com\/wp-content\/uploads\/2025\/08\/Imagen-de-WhatsApp-2025-08-05-a-las-17.05.16_fa2b60cc-1024x768.jpg 1024w, https:\/\/doramassuitesboutique.com\/wp-content\/uploads\/2025\/08\/Imagen-de-WhatsApp-2025-08-05-a-las-17.05.16_fa2b60cc-300x225.jpg 300w, https:\/\/doramassuitesboutique.com\/wp-content\/uploads\/2025\/08\/Imagen-de-WhatsApp-2025-08-05-a-las-17.05.16_fa2b60cc-768x576.jpg 768w, https:\/\/doramassuitesboutique.com\/wp-content\/uploads\/2025\/08\/Imagen-de-WhatsApp-2025-08-05-a-las-17.05.16_fa2b60cc-1536x1152.jpg 1536w, https:\/\/doramassuitesboutique.com\/wp-content\/uploads\/2025\/08\/Imagen-de-WhatsApp-2025-08-05-a-las-17.05.16_fa2b60cc-1320x990.jpg 1320w, https:\/\/doramassuitesboutique.com\/wp-content\/uploads\/2025\/08\/Imagen-de-WhatsApp-2025-08-05-a-las-17.05.16_fa2b60cc-600x450.jpg 600w, https:\/\/doramassuitesboutique.com\/wp-content\/uploads\/2025\/08\/Imagen-de-WhatsApp-2025-08-05-a-las-17.05.16_fa2b60cc.jpg 1600w\" sizes=\"auto, (max-width: 1024px) 100vw, 1024px\" \/><\/a><\/figure>\n\n\n\n<figure class=\"wp-block-image size-large\"><a href=\"https:\/\/doramassuitesboutique.com\/wp-content\/uploads\/2025\/09\/WhatsApp-Image-2025-09-04-at-4.30.20-p.m.jpeg\"><img loading=\"lazy\" decoding=\"async\" width=\"768\" height=\"1024\" data-id=\"752\" src=\"https:\/\/doramassuitesboutique.com\/wp-content\/uploads\/2025\/09\/WhatsApp-Image-2025-09-04-at-4.30.20-p.m-768x1024.jpeg\" alt=\"\" class=\"wp-image-752\" srcset=\"https:\/\/doramassuitesboutique.com\/wp-content\/uploads\/2025\/09\/WhatsApp-Image-2025-09-04-at-4.30.20-p.m-768x1024.jpeg 768w, https:\/\/doramassuitesboutique.com\/wp-content\/uploads\/2025\/09\/WhatsApp-Image-2025-09-04-at-4.30.20-p.m-225x300.jpeg 225w, https:\/\/doramassuitesboutique.com\/wp-content\/uploads\/2025\/09\/WhatsApp-Image-2025-09-04-at-4.30.20-p.m-1152x1536.jpeg 1152w, https:\/\/doramassuitesboutique.com\/wp-content\/uploads\/2025\/09\/WhatsApp-Image-2025-09-04-at-4.30.20-p.m-600x800.jpeg 600w, https:\/\/doramassuitesboutique.com\/wp-content\/uploads\/2025\/09\/WhatsApp-Image-2025-09-04-at-4.30.20-p.m.jpeg 1200w\" sizes=\"auto, (max-width: 768px) 100vw, 768px\" \/><\/a><\/figure>\n\n\n\n<figure class=\"wp-block-image size-large\"><a href=\"https:\/\/doramassuitesboutique.com\/wp-content\/uploads\/2025\/09\/WhatsApp-Image-2025-09-04-at-4.05.52-p.m.jpeg\"><img loading=\"lazy\" decoding=\"async\" width=\"768\" height=\"1024\" data-id=\"750\" src=\"https:\/\/doramassuitesboutique.com\/wp-content\/uploads\/2025\/09\/WhatsApp-Image-2025-09-04-at-4.05.52-p.m-768x1024.jpeg\" alt=\"\" class=\"wp-image-750\" srcset=\"https:\/\/doramassuitesboutique.com\/wp-content\/uploads\/2025\/09\/WhatsApp-Image-2025-09-04-at-4.05.52-p.m-768x1024.jpeg 768w, https:\/\/doramassuitesboutique.com\/wp-content\/uploads\/2025\/09\/WhatsApp-Image-2025-09-04-at-4.05.52-p.m-225x300.jpeg 225w, https:\/\/doramassuitesboutique.com\/wp-content\/uploads\/2025\/09\/WhatsApp-Image-2025-09-04-at-4.05.52-p.m-1152x1536.jpeg 1152w, https:\/\/doramassuitesboutique.com\/wp-content\/uploads\/2025\/09\/WhatsApp-Image-2025-09-04-at-4.05.52-p.m-600x800.jpeg 600w, https:\/\/doramassuitesboutique.com\/wp-content\/uploads\/2025\/09\/WhatsApp-Image-2025-09-04-at-4.05.52-p.m.jpeg 1200w\" sizes=\"auto, (max-width: 768px) 100vw, 768px\" \/><\/a><\/figure>\n\n\n\n<figure class=\"wp-block-image size-large\"><a href=\"https:\/\/doramassuitesboutique.com\/wp-content\/uploads\/2025\/08\/Imagen-de-WhatsApp-2025-08-05-a-las-17.05.15_4d95cddf.jpg\"><img loading=\"lazy\" decoding=\"async\" width=\"1024\" height=\"690\" data-id=\"597\" src=\"https:\/\/doramassuitesboutique.com\/wp-content\/uploads\/2025\/08\/Imagen-de-WhatsApp-2025-08-05-a-las-17.05.15_4d95cddf-1024x690.jpg\" alt=\"\" class=\"wp-image-597\" srcset=\"https:\/\/doramassuitesboutique.com\/wp-content\/uploads\/2025\/08\/Imagen-de-WhatsApp-2025-08-05-a-las-17.05.15_4d95cddf-1024x690.jpg 1024w, https:\/\/doramassuitesboutique.com\/wp-content\/uploads\/2025\/08\/Imagen-de-WhatsApp-2025-08-05-a-las-17.05.15_4d95cddf-300x202.jpg 300w, https:\/\/doramassuitesboutique.com\/wp-content\/uploads\/2025\/08\/Imagen-de-WhatsApp-2025-08-05-a-las-17.05.15_4d95cddf-768x517.jpg 768w, https:\/\/doramassuitesboutique.com\/wp-content\/uploads\/2025\/08\/Imagen-de-WhatsApp-2025-08-05-a-las-17.05.15_4d95cddf-1536x1035.jpg 1536w, https:\/\/doramassuitesboutique.com\/wp-content\/uploads\/2025\/08\/Imagen-de-WhatsApp-2025-08-05-a-las-17.05.15_4d95cddf-1320x889.jpg 1320w, https:\/\/doramassuitesboutique.com\/wp-content\/uploads\/2025\/08\/Imagen-de-WhatsApp-2025-08-05-a-las-17.05.15_4d95cddf-600x404.jpg 600w, https:\/\/doramassuitesboutique.com\/wp-content\/uploads\/2025\/08\/Imagen-de-WhatsApp-2025-08-05-a-las-17.05.15_4d95cddf.jpg 1600w\" sizes=\"auto, (max-width: 1024px) 100vw, 1024px\" \/><\/a><\/figure>\n<\/figure>\n\n\n\n<div style=\"height:15px\" aria-hidden=\"true\" class=\"wp-block-spacer\"><\/div>\n\n\n\n<h2 class=\"wp-block-heading has-text-align-center\">Master Suite Ek Balam<\/h2>\n\n\n\n<div style=\"height:15px\" aria-hidden=\"true\" class=\"wp-block-spacer\"><\/div>\n\n\n\n<p><strong>HABITACION 1 &#8211; UNA CAMA KING SIZE. <\/strong><\/p>\n\n\n\n<p><strong>HABITACION 2 &#8211; UNA CAMA QUEEN SIZE + UNA CAMA INDIVIDUAL.<\/strong><\/p>\n\n\n\n<p><strong>SALA COMEDOR &#8211; SOFA CAMA. <\/strong><\/p>\n\n\n\n<p><strong>MAXIMO 5 ADUTLOS, 2 NI\u00d1OS O MAXIMO 6<\/strong> <strong>ADULTOS<\/strong><\/p>\n\n\n\n<figure class=\"wp-block-image\"><a class=\"glg-a-custom-wrap\" href=\"https:\/\/doramassuitesboutique.com\/wp-content\/uploads\/2025\/06\/master.png\"><img loading=\"lazy\" decoding=\"async\" width=\"250\" height=\"80\" src=\"https:\/\/doramassuitesboutique.com\/wp-content\/uploads\/2025\/06\/master.png\" alt=\"\" class=\"wp-image-472\"\/><\/a><\/figure>\n\n\n\n<div style=\"height:22px\" aria-hidden=\"true\" class=\"wp-block-spacer\"><\/div>\n\n\n\n<div class=\"wp-block-buttons is-content-justification-center is-layout-flex wp-container-core-buttons-is-layout-16018d1d wp-block-buttons-is-layout-flex\">\n<div class=\"wp-block-button\"><a class=\"wp-block-button__link has-text-align-center wp-element-button\">Reservar<\/a><\/div>\n<\/div>\n\n\n\n<hr class=\"wp-block-separator has-alpha-channel-opacity\"\/>\n\n\n\n<h3 class=\"wp-block-heading\">Amenidades:<\/h3>\n\n\n\n<p><strong>Habitaci\u00f3n Principal<\/strong>&nbsp;<\/p>\n\n\n\n<ul class=\"wp-block-list\">\n<li>Cama king&nbsp;size<\/li>\n\n\n\n<li>Smart Tv 50&#8243;  \u2013 sky&nbsp;&nbsp;<\/li>\n\n\n\n<li>Mesas de noche<\/li>\n\n\n\n<li>Aire acondicionado&nbsp;&nbsp;<\/li>\n\n\n\n<li>Cajonera<\/li>\n\n\n\n<li>Closet<\/li>\n\n\n\n<li>Maletero&nbsp;<\/li>\n\n\n\n<li>Perchero<\/li>\n\n\n\n<li>Cesto de basura <\/li>\n\n\n\n<li>Detector de humo y di\u00f3xido de carbono<\/li>\n\n\n\n<li>Caja fuerte<\/li>\n\n\n\n<li>WI\/FI<\/li>\n\n\n\n<li>Terraza privada con jardineria y mesa de descanso&nbsp;<\/li>\n\n\n\n<li>Mesa de trabajo<\/li>\n\n\n\n<li>Cuna (sujeta a disponibilidad)<\/li>\n<\/ul>\n\n\n\n<p><strong>Ba\u00f1o Principal<\/strong>&nbsp;<\/p>\n\n\n\n<ul class=\"wp-block-list\">\n<li>Agua fria y Caliente<\/li>\n\n\n\n<li>Presi\u00f3n de regadera de confort&nbsp;<\/li>\n\n\n\n<li>Articulos de tocador artesanales<\/li>\n\n\n\n<li>Espejo de vanidad<\/li>\n\n\n\n<li>Secadora de cabello<\/li>\n\n\n\n<li>Cesto para lavanderia<\/li>\n\n\n\n<li>Cesto de basura&nbsp;<\/li>\n\n\n\n<li>Closet privado&nbsp;<\/li>\n\n\n\n<li>Jardineria interior<\/li>\n<\/ul>\n\n\n\n<p><strong>Habitaci\u00f3n Secundaria<\/strong>&nbsp;<\/p>\n\n\n\n<ul class=\"wp-block-list\">\n<li>1 Cama Matrimonial + 1 Cama individual<\/li>\n\n\n\n<li>Smart Tv 50&#8243; \u2013 sky&nbsp;&nbsp;<\/li>\n\n\n\n<li>Mesas de noche<\/li>\n\n\n\n<li>Aire acondicionado&nbsp;<\/li>\n\n\n\n<li>Cajonera<\/li>\n\n\n\n<li>Muebles de noche&nbsp;<\/li>\n\n\n\n<li>Closet<\/li>\n\n\n\n<li>Maletero&nbsp;<\/li>\n\n\n\n<li>Perchero<\/li>\n\n\n\n<li>Cesto de basura <\/li>\n\n\n\n<li>Detector de humo y di\u00f3xido de carbono<\/li>\n\n\n\n<li>Caja fuerte<\/li>\n\n\n\n<li>WI\/FI<\/li>\n\n\n\n<li>Balcones privados &#8211; vista panoramica a jardiner\u00eda exterior<\/li>\n\n\n\n<li>Mesa de trabajo<\/li>\n\n\n\n<li>Cuna (suejta a disponibilidad)<\/li>\n<\/ul>\n\n\n\n<p><strong>Ba\u00f1o Secundario<\/strong>&nbsp;<\/p>\n\n\n\n<ul class=\"wp-block-list\">\n<li>Agua fria y Caliente<\/li>\n\n\n\n<li>Presi\u00f3n de regadera de confort&nbsp;<\/li>\n\n\n\n<li>Articulos de tocador artesanales<\/li>\n\n\n\n<li>Espejo de vanidad<\/li>\n\n\n\n<li>Secadora de cabello<\/li>\n\n\n\n<li>Cesto para lavanderia<\/li>\n\n\n\n<li>Cesto de basura&nbsp;<\/li>\n<\/ul>\n\n\n\n<p><strong>Sala &#8211; Comedor<\/strong><\/p>\n\n\n\n<ul class=\"wp-block-list\">\n<li>Mesa para 6 personas&nbsp;<\/li>\n\n\n\n<li>Sofa para 3 personas (cama)<\/li>\n\n\n\n<li>Sillon individual<\/li>\n\n\n\n<li>Mesa de centro<\/li>\n\n\n\n<li>Detector de humo y di\u00f3xido de carbono<\/li>\n\n\n\n<li>WI\/FI<\/li>\n\n\n\n<li>Decoraci\u00f3n<\/li>\n<\/ul>\n\n\n\n<p><strong>Cocina<\/strong><\/p>\n\n\n\n<ul class=\"wp-block-list\">\n<li>Refrigerador&nbsp;&nbsp;<\/li>\n\n\n\n<li>Cafetera&nbsp;<\/li>\n\n\n\n<li>Microondas&nbsp;<\/li>\n\n\n\n<li>Estufa&nbsp;<\/li>\n\n\n\n<li>Vajilla para 6&nbsp;personas<\/li>\n\n\n\n<li>Utencilios de cocina<\/li>\n\n\n\n<li>Detector de humo y di\u00f3xido de carbono<\/li>\n<\/ul>\n\n\n\n<p><strong>2 Terrazas Privadas&nbsp;<\/strong><\/p>\n\n\n\n<ul class=\"wp-block-list\">\n<li>Sala jardinada<\/li>\n\n\n\n<li>Sala con vista a la alberca&nbsp;<\/li>\n<\/ul>\n\n\n\n<p><strong>Cuarto de Servicio<\/strong><\/p>\n\n\n\n<ul class=\"wp-block-list\">\n<li>Lavadero<\/li>\n\n\n\n<li>Tabla de planchado<\/li>\n\n\n\n<li>Plancha de vapor<\/li>\n\n\n\n<li>Tendedero retractil<\/li>\n\n\n\n<li>Agua purificada refil<\/li>\n<\/ul>\n","protected":false},"excerpt":{"rendered":"<p>Master Suite Ek Balam HABITACION 1 &#8211; UNA CAMA KING SIZE. HABITACION 2 &#8211; UNA CAMA QUEEN SIZE + UNA CAMA INDIVIDUAL. SALA COMEDOR &#8211; SOFA CAMA. MAXIMO 5 ADUTLOS, 2 NI\u00d1OS O MAXIMO 6 ADULTOS Amenidades: Habitaci\u00f3n Principal&nbsp; Ba\u00f1o Principal&nbsp; Habitaci\u00f3n Secundaria&nbsp; Ba\u00f1o Secundario&nbsp; Sala &#8211; Comedor Cocina 2 Terrazas Privadas&nbsp; Cuarto de Servicio<\/p>\n","protected":false},"author":1,"featured_media":0,"parent":0,"menu_order":0,"comment_status":"closed","ping_status":"closed","template":"","meta":{"pgc_sgb_lightbox_settings":"","footnotes":""},"class_list":["post-525","page","type-page","status-publish","hentry"],"jetpack_sharing_enabled":true,"_links":{"self":[{"href":"https:\/\/doramassuitesboutique.com\/index.php\/wp-json\/wp\/v2\/pages\/525","targetHints":{"allow":["GET"]}}],"collection":[{"href":"https:\/\/doramassuitesboutique.com\/index.php\/wp-json\/wp\/v2\/pages"}],"about":[{"href":"https:\/\/doramassuitesboutique.com\/index.php\/wp-json\/wp\/v2\/types\/page"}],"author":[{"embeddable":true,"href":"https:\/\/doramassuitesboutique.com\/index.php\/wp-json\/wp\/v2\/users\/1"}],"replies":[{"embeddable":true,"href":"https:\/\/doramassuitesboutique.com\/index.php\/wp-json\/wp\/v2\/comments?post=525"}],"version-history":[{"count":33,"href":"https:\/\/doramassuitesboutique.com\/index.php\/wp-json\/wp\/v2\/pages\/525\/revisions"}],"predecessor-version":[{"id":881,"href":"https:\/\/doramassuitesboutique.com\/index.php\/wp-json\/wp\/v2\/pages\/525\/revisions\/881"}],"wp:attachment":[{"href":"https:\/\/doramassuitesboutique.com\/index.php\/wp-json\/wp\/v2\/media?parent=525"}],"curies":[{"name":"wp","href":"https:\/\/api.w.org\/{rel}","templated":true}]}}